{"id":13,"date":"2019-02-05T17:11:55","date_gmt":"2019-02-05T17:11:55","guid":{"rendered":"https:\/\/stage.janina-rockt.de\/?page_id=13"},"modified":"2019-02-06T14:44:58","modified_gmt":"2019-02-06T14:44:58","slug":"musik","status":"publish","type":"page","link":"https:\/\/stage.janina-rockt.de\/?page_id=13","title":{"rendered":"Musik"},"content":{"rendered":"\n<p class=\"has-drop-cap\">Wenn Janina rockt, bleibt kein Auge trocken. Die Hamburger Liedermacherin stiftet Tanzbeine zur Bewegung an, Herzen zur Rebellion und Gef\u00fchle zur Kapitulation. Steht sie auf der B\u00fchne ist es, als entz\u00fcnde sie mit z\u00e4rtlicher Geste ein Streichholz \u2013 sie brennt und brennt und entflammt das Publikum direkt mit. Weil sie dir die Tr\u00e4nen in die Augen treibt, dich mit der n\u00e4chsten Anekdote zum Lachen bringt und du schlie\u00dflich unversehens Teil einer rauschenden Party bist.<\/p>\n\n\n\n<p>In Janinas Stimme liegen Kraft und Z\u00e4rtlichkeit, Virtuosit\u00e4t und Schnodderigkeit verdammt nah beieinander. <br>Sie ver\u00f6ffentlicht ihr erstes Album \u201eYeah Yeah\u201c, vier Jahre sp\u00e4ter erscheint \u201e1,2,3\u201c, das Janina selbst produziert. Mit Songs wie \u201eNachts um halb drei\u201c oder \u201cNein sagen\u201c etabliert sie sich als Punk-Prinzessin mit Mut zum Rausch. Inga Rumpf k\u00fcrt sie beim Hamburger Musikwettbewerb Krach &amp; Get\u00f6se zur \u201ebesten Liedermacherin Hamburgs\u201c. Ihre mehr als 450 Konzerte f\u00fchren sie in die Schweiz, nach Portugal, sogar bis in den Libanon; ihre Songs singt sie in drei Sprachen, auf deutsch, englisch und portugiesisch. <\/p>\n\n\n\n<p>All die Power und Poesie, die Liebe, das Lachen und die Tr\u00e4nen, all den Rock\u2019n\u2018Roll hat Janina nun auf ihr drittes Album \u201eAuf dem Sprung\u201c gepackt. Auf dem Sprung ist die Hamburgerin immer wieder aufs Neue, sie will halt noch woanders hin und nimmt diejenigen mit, die ein Gesp\u00fcr haben f\u00fcr diesen Moment, in dem man kurz inneh\u00e4lt, atmet und wieder los legt \u2013 dort setzen Janinas Songs an. Mit Akustikgitarre, aber auch mal mit Akkordeon, mit Bl\u00e4sern, die gegen Techno antreten und Balladen, die von HipHop-Beats abgel\u00f6st werden \u2013 wer da an Rio Reiser genauso denkt wie an Peaches, ist auf der richtigen Spur. <\/p>\n\n\n\n<p>Janina singt \u00fcber schlaflose N\u00e4chte mit gebrochenem Herzen (\u201eFr\u00e4ulein Einsamkeit\u201c), bekennt sich selbstbewusst zur weiblichen Lust (\u201eIch hab Bock\u201c) oder fordert den lauten Protest gegen das politische System (\u201eSoundsystem\u201c). Mit ihrer Gitarre Fritzi streift sie Pop, Rock, Punk, Soul und Jazz, singt mal englisch, meistens deutsch, aber immer mit der mitrei\u00dfenden Vielfalt in ihrer Stimme: Die l\u00e4sst sich im nur aus Drums und Janinas Stimme gebauten \u201eReh im Wald\u201c h\u00f6ren, zeigt sich vers\u00f6hnlich mit der \u201eLiebe auf Zeit\u201c und ist wie ein gutes Glas Rotwein f\u00fcr die Ruhe nach dem Sturm in \u201eDer erste Tage im Sommer\u201c. Ganz anders \u201eDeep Pression\u201c, das mit Elektrobeats und mehr-Bass-bitte-Attit\u00fcde f\u00fcr gute Laune sorgt. Nat\u00fcrlich nicht ohne das Quentchen Hintersinn, das Janina hier mit l\u00e4ssiger Kodderschnauze umtreibt. \u00dcbertroffen wird das fast nur noch vom Beat-gest\u00fctzen Flow auf \u201eIm Regen geboren\u201c.<\/p>\n\n\n\n<p>Unfassbar gut drauf und zu Tode betr\u00fcbt liegen bei der Hamburger K\u00fcnstlerin nah beieinander. Willk\u00fcrlich ist das nicht, sondern \u2013 wenn wir so ehrlich sind wie sie \u2013 eben wie das Leben selbst. Janina, rock on! <\/p>\n\n\n\n<p>Verena Reygers<\/p>\n\n\n\n<p><\/p>\n\n\n\n<figure class=\"wp-block-embed-youtube wp-block-embed is-type-video is-provider-youtube wp-embed-aspect-16-9 wp-has-aspect-ratio\"><div class=\"wp-block-embed__wrapper\">\n<iframe loading=\"lazy\" width=\"688\" height=\"387\" src=\"https:\/\/www.youtube.com\/embed\/Pc54xcLrOaI?feature=oembed\" frameborder=\"0\" allow=\"accelerometer; autoplay; encrypted-media; gyroscope; picture-in-picture\" allowfullscreen><\/iframe>\n<\/div><figcaption>Janina &#8211; Du rufst an (Auf dem Sprung)<\/figcaption><\/figure>\n\n\n\n<figure class=\"wp-block-embed-youtube wp-block-embed is-type-video is-provider-youtube wp-embed-aspect-16-9 wp-has-aspect-ratio\"><div class=\"wp-block-embed__wrapper\">\n<iframe loading=\"lazy\" width=\"688\" height=\"387\" src=\"https:\/\/www.youtube.com\/embed\/OGz0bj0uypk?feature=oembed\" frameborder=\"0\" allow=\"accelerometer; autoplay; encrypted-media; gyroscope; picture-in-picture\" allowfullscreen><\/iframe>\n<\/div><figcaption>Janina &#8211; Bei Dir (Auf dem Sprung)<\/figcaption><\/figure>\n\n\n\n<figure class=\"wp-block-embed-youtube wp-block-embed is-type-video is-provider-youtube wp-embed-aspect-16-9 wp-has-aspect-ratio\"><div class=\"wp-block-embed__wrapper\">\n<iframe loading=\"lazy\" width=\"688\" height=\"387\" src=\"https:\/\/www.youtube.com\/embed\/wz0YME31ymI?feature=oembed\" frameborder=\"0\" allow=\"accelerometer; autoplay; encrypted-media; gyroscope; picture-in-picture\" allowfullscreen><\/iframe>\n<\/div><figcaption>Janina &#8211; Soundsystem (Auf dem Sprung)<br><br><\/figcaption><\/figure>\n\n\n\n<figure class=\"wp-block-embed-youtube wp-block-embed is-type-video is-provider-youtube wp-embed-aspect-16-9 wp-has-aspect-ratio\"><div class=\"wp-block-embed__wrapper\">\n<iframe loading=\"lazy\" width=\"688\" height=\"387\" src=\"https:\/\/www.youtube.com\/embed\/weiDkmcp0ro?feature=oembed\" frameborder=\"0\" allow=\"accelerometer; autoplay; encrypted-media; gyroscope; picture-in-picture\" allowfullscreen><\/iframe>\n<\/div><figcaption>Janina &#8211; K\u00f6nig (123)<br><br><\/figcaption><\/figure>\n\n\n\n<figure class=\"wp-block-embed-youtube aligncenter wp-block-embed is-type-video is-provider-youtube wp-embed-aspect-4-3 wp-has-aspect-ratio\"><div class=\"wp-block-embed__wrapper\">\n<iframe loading=\"lazy\" width=\"688\" height=\"516\" src=\"https:\/\/www.youtube.com\/embed\/videoseries?list=PLZdhi-YeHyFo3UZWlXISb-Ut74pieLJbS\" frameborder=\"0\" allow=\"accelerometer; autoplay; encrypted-media; gyroscope; picture-in-picture\" allowfullscreen><\/iframe>\n<\/div><figcaption>Janina &#8211; Nein Sagen (123)<br><br><\/figcaption><\/figure>\n","protected":false},"excerpt":{"rendered":"<p>Wenn Janina rockt, bleibt kein Auge trocken. Die Hamburger Liedermacherin stiftet Tanzbeine zur Bewegung an, Herzen zur Rebellion und Gef\u00fchle&hellip;<\/p>\n","protected":false},"author":2,"featured_media":74,"parent":0,"menu_order":0,"comment_status":"closed","ping_status":"closed","template":"","meta":[],"_links":{"self":[{"href":"https:\/\/stage.janina-rockt.de\/index.php?rest_route=\/wp\/v2\/pages\/13"}],"collection":[{"href":"https:\/\/stage.janina-rockt.de\/index.php?rest_route=\/wp\/v2\/pages"}],"about":[{"href":"https:\/\/stage.janina-rockt.de\/index.php?rest_route=\/wp\/v2\/types\/page"}],"author":[{"embeddable":true,"href":"https:\/\/stage.janina-rockt.de\/index.php?rest_route=\/wp\/v2\/users\/2"}],"replies":[{"embeddable":true,"href":"https:\/\/stage.janina-rockt.de\/index.php?rest_route=%2Fwp%2Fv2%2Fcomments&post=13"}],"version-history":[{"count":13,"href":"https:\/\/stage.janina-rockt.de\/index.php?rest_route=\/wp\/v2\/pages\/13\/revisions"}],"predecessor-version":[{"id":63,"href":"https:\/\/stage.janina-rockt.de\/index.php?rest_route=\/wp\/v2\/pages\/13\/revisions\/63"}],"wp:featuredmedia":[{"embeddable":true,"href":"https:\/\/stage.janina-rockt.de\/index.php?rest_route=\/wp\/v2\/media\/74"}],"wp:attachment":[{"href":"https:\/\/stage.janina-rockt.de\/index.php?rest_route=%2Fwp%2Fv2%2Fmedia&parent=13"}],"curies":[{"name":"wp","href":"https:\/\/api.w.org\/{rel}","templated":true}]}}