{"id":23,"date":"2019-02-05T12:40:13","date_gmt":"2019-02-05T12:40:13","guid":{"rendered":"https:\/\/stage.janina-rockt.de\/?page_id=23"},"modified":"2019-02-05T12:40:14","modified_gmt":"2019-02-05T12:40:14","slug":"bio","status":"publish","type":"page","link":"https:\/\/stage.janina-rockt.de\/?page_id=23","title":{"rendered":"Bio"},"content":{"rendered":"\n<p>BIO JANINA ROCKT<\/p>\n\n\n\n<p>\u00bbIch bin im Regen geboren, ich komm\u2019 aus Hamburg.\u00ab&nbsp;<\/p>\n\n\n\n<p class=\"has-drop-cap\">Dieser Titel auf JANINAS neuem Album erz\u00e4hlt nicht nur vom Klima ihrer geliebten Heimatstadt Hamburg. Er beschreibt vielmehr die kantige, selbstbewusste und unangepasste Natur einer Hamburger Deern, die die deutsche Musiklandschaft mit unverstellter Ehrlichkeit aufmischt. Ihr expressiver deutscher Gesang zur Akustikgitarre verf\u00fchrt manchen, sie als Liedermacherin einzuordnen. JANINA ist jedoch viel mehr. Ob Punk, Soul, Rock, Jazz oder Hip Hop \u2013 JANINAS musikalische Ausdrucksm\u00f6glichkeiten sind mindestens so vielschichtig wie ihr au\u00dfergew\u00f6hnlicher Name.&nbsp;<\/p>\n\n\n\n<p>Die in Hamburg geborene Janina Fritzi Mercedes Helene Groebler eignet sich mit vierzehn Jahren selbst das Gitarrespielen an und wei\u00df fr\u00fch, mit einfachen Akkorden und Rhythmen vielf\u00e4ltige Melodien hinter ihre \u00fcberraschenden Texte zu zaubern. JANINA nimmt ihr Publikum mit auf eine Reise. Nie wei\u00df man, ob sie als adrett gekleidetes Wesen mit blonden Engelslocken oder als pinke Punkerin mit Iro die B\u00fchne rockt. Wenn sie dann aber einsam im Scheinwerferlicht steht, die Kapuze ihres Sweatshirts \u00fcber den Kopf gezogen, wird sie zum Megaphon eines neuen linken Selbstverst\u00e4ndnisses. Mal in rotzigem Hamburger Slang, mal in z\u00e4rtlicher Lyrik erz\u00e4hlt JANINA Geschichten vom Leben und Lieben, entlarvt die Pseudos dieser Welt und reimt mit ironischem Augenzwinkern auf gesellschaftliche Ungereimtheiten.&nbsp;<\/p>\n\n\n\n<p>Ihre ersten beiden Alben \u00bbYEAH YEAH\u00ab und \u00bb123\u00ab zeugen von dem kompromisslosen Umgang mit unbequemen Wahrheiten, die sie mir ihrer unverwechselbaren Stimme dem Zuh\u00f6rer ins Bewusstsein pr\u00e4gt. Sie zeugen auch von einer nicht minder ehrlichen Produktion. Reduziert auf ihre Stimme und die Gitarre nimmt JANINA einen gro\u00dfen Teil der Songs in den eigenen vier W\u00e4nden in Hamburg und Lissabon auf. JANINA pr\u00e4sentiert ihre Lieder in fast 450 Konzerten, die sie gr\u00f6\u00dftenteils selbst bucht und die sie nicht nur in alle Winkel Deutschlands f\u00fchren, sondern auch ins Ausland wie in die Schweiz, nach Portugal und bis in den Libanon. Die meisten ihrer Reisen in oft unbekanntes Terrain beschreitet JANINA unerschrocken alleine \u2013 immer im Gep\u00e4ck ihre Gitarre Fritzi, eine gesunde Neugier und f\u00fcnf Sprachen. JANINA bereichert aber auch Vorprogramme von Musikerkollegen wie Jos\u00e9 Gonzalez und G\u00f6tz Widmann, der es sich auch nicht nehmen l\u00e4sst, auf \u00bb123\u00ab beim Publikumshit \u00bbNein sagen\u00ab mitzusingen.&nbsp;<\/p>\n\n\n\n<p>2010 gewinnt JANINA den Preis Krach + Get\u00f6se und wird von Inga Rumpf als \u00bbbeste Liedermacherin Hamburgs\u00ab ausgezeichnet. Sie schreibt Musik f\u00fcr die Vers- und Kaderschmiede von Thomas Ebermann, komponiert die Titelmusik f\u00fcr den preisgekr\u00f6nten Kurzfilm K\u00d6NIG. 2011 belegt JANINA den Popkurs an der Hochschule f\u00fcr Musik und Theater und schlie\u00dft im selben Jahr erfolgreich ihr Studium als Sprech-, Sprach- und Rechtswissenschaftlerin an der Universit\u00e4t Hamburg ab.&nbsp;&nbsp;<\/p>\n\n\n\n<p>Mit dem Remixalbum \u00bbREISEGRUPPE TR\u00dcMMERT\u00c4UBCHEN\u00ab erweitert JANINA ihr musikalisches Repertoire um ein weiteres Genre. In Zusammenarbeit mit sieben Hamburger Techno-DJs transportiert sie ihre Lieder und ihre Stimme in die Hamburger und Berliner Clubs und auf Festivals wie die Fusion. 2014 folgt eine Remixsingle auf Portugiesisch, die es bis in die DCC Bullet Charts auf Platz 5 schafft und auf Dancefloors bis nach Brasilien.&nbsp;<\/p>\n\n\n\n<p>2015 beginnt JANINA in der Fl\u00fcchtlingshilfe zu arbeiten und Deutsch zu unterrichten. Musikalisch kehrt sie zur ihren Wurzeln zur\u00fcck und schreibt auf Deutsch und Englisch f\u00fcr ihr neues Album. Schnell ist klar: JANINA hat Bock! Liebeserkl\u00e4rungen an ihre Heimatstadt Hamburg wechseln sich mit alarmierendem Protest und Systemkritik ab. Sie macht mit lebensbejahendem Sound selbst \u00bbDeep Pression\u00ab so tanzbar wie niemand vor ihr&nbsp;und l\u00e4sst mit provakanten Versen auf technoidem Beat sogar den verkapptesten Spie\u00dfer err\u00f6ten. JANINA trifft aber auch wieder schmerzhaft genau die leisen T\u00f6ne und entwirft Bilder von einsamen Inseln eines jeden, der Suche nach Identit\u00e4t und Sehnsucht nach echter Liebe. Das sind die gro\u00dfen Themen, das sind JANINAS Themen. Zielsicher \u00fcbersetzt sie menschliche in musikalische Dissonanzen und kreiert dazu einen satten Sound, der die ganze Welt umarmt \u2013 dieses Mal unterst\u00fctzt von Schlagzeug, Bass, Streichern &amp; Co..&nbsp;<\/p>\n","protected":false},"excerpt":{"rendered":"<p>BIO JANINA ROCKT \u00bbIch bin im Regen geboren, ich komm\u2019 aus Hamburg.\u00ab&nbsp; Dieser Titel auf JANINAS neuem Album erz\u00e4hlt nicht&hellip;<\/p>\n","protected":false},"author":2,"featured_media":0,"parent":0,"menu_order":0,"comment_status":"closed","ping_status":"closed","template":"","meta":[],"_links":{"self":[{"href":"https:\/\/stage.janina-rockt.de\/index.php?rest_route=\/wp\/v2\/pages\/23"}],"collection":[{"href":"https:\/\/stage.janina-rockt.de\/index.php?rest_route=\/wp\/v2\/pages"}],"about":[{"href":"https:\/\/stage.janina-rockt.de\/index.php?rest_route=\/wp\/v2\/types\/page"}],"author":[{"embeddable":true,"href":"https:\/\/stage.janina-rockt.de\/index.php?rest_route=\/wp\/v2\/users\/2"}],"replies":[{"embeddable":true,"href":"https:\/\/stage.janina-rockt.de\/index.php?rest_route=%2Fwp%2Fv2%2Fcomments&post=23"}],"version-history":[{"count":2,"href":"https:\/\/stage.janina-rockt.de\/index.php?rest_route=\/wp\/v2\/pages\/23\/revisions"}],"predecessor-version":[{"id":38,"href":"https:\/\/stage.janina-rockt.de\/index.php?rest_route=\/wp\/v2\/pages\/23\/revisions\/38"}],"wp:attachment":[{"href":"https:\/\/stage.janina-rockt.de\/index.php?rest_route=%2Fwp%2Fv2%2Fmedia&parent=23"}],"curies":[{"name":"wp","href":"https:\/\/api.w.org\/{rel}","templated":true}]}}